{"id":34,"date":"2024-09-17T21:55:42","date_gmt":"2024-09-17T21:55:42","guid":{"rendered":"https:\/\/lasmercedes.org\/contact-2\/"},"modified":"2025-03-06T01:10:17","modified_gmt":"2025-03-06T01:10:17","slug":"contact-2","status":"publish","type":"page","link":"https:\/\/lasmercedes.org\/es\/contact-2\/","title":{"rendered":"Donaci\u00f3n"},"content":{"rendered":"<div class=\"wp-block-uagb-container uagb-block-fa2f1646 alignfull uagb-is-root-container\"><div class=\"uagb-container-inner-blocks-wrap\">\n<div class=\"wp-block-uagb-advanced-heading uagb-block-d7c7726a\"><h1 class=\"uagb-heading-text\">Dona y apoya la protecci\u00f3n de los bosques tropicales<\/h1><\/div>\n<\/div><\/div>\n\n\n\n<div class=\"wp-block-uagb-container uagb-block-or2pbtou alignfull uagb-is-root-container\">\n<div class=\"wp-block-uagb-container uagb-block-066281cd\">\n<div class=\"wp-block-uagb-container uagb-block-fc0be46a\"><div class=\"uagb-container__shape uagb-container__shape-top uagb-container__shape-above-content\"><svg xmlns=\"https:\/\/www.w3.org\/2000\/svg\" viewbox=\"0 0 700 10\" preserveaspectratio=\"none\"><path class=\"uagb-container__shape-fill\" d=\"M350,10L340,0h20L350,10z\"><\/path><\/svg><\/div><\/div>\n\n\n\n<div class=\"wp-block-uagb-container uagb-block-001bd5af\">\n<div class=\"wp-block-uagb-advanced-heading uagb-block-5619e550\"><h6 class=\"uagb-heading-text\"><mark class=\"uagb-highlight\">PROMOVIENDO LOS ESFUERZOS DE CONSERVACI\u00d3N<\/mark><\/h6><\/div>\n\n\n\n<div class=\"wp-block-uagb-advanced-heading uagb-block-dbd72fda\"><h2 class=\"uagb-heading-text\">\u00a1Ay\u00fadenos a proteger los bosques \u00fanicos de Colombia! <\/h2><\/div>\n\n\n\n<div class=\"wp-block-uagb-advanced-heading uagb-block-0e355aca\"><p class=\"uagb-heading-text\">\u00danete a nosotros en la salvaguarda de los bosques, tanto en el coraz\u00f3n de Colombia como en el norte, para combatir el cambio clim\u00e1tico. Protegiendo estos valiosos ecosistemas, mejoramos el almacenamiento de CO2 y contribuimos a un planeta m\u00e1s sano y sostenible.<\/p><\/div>\n\n\n\n<div class=\"wp-block-uagb-advanced-heading uagb-block-29d56058\"><h3 class=\"uagb-heading-text\"><strong>Esto es lo que hacemos en el Proyecto de Protecci\u00f3n del Clima de Las Mercedes:<\/strong><\/h3><\/div>\n\n\n\n<div class=\"wp-block-uagb-icon-list uagb-block-92ada92d\"><div class=\"uagb-icon-list__wrap\">\n<div class=\"wp-block-uagb-icon-list-child uagb-block-cfbfcc14\"><span class=\"uagb-icon-list__source-wrap\"><svg xmlns=\"https:\/\/www.w3.org\/2000\/svg\" viewbox=\"0 0 448 512\"><path d=\"M413.8 447.1L256 448l0 31.99C256 497.7 241.8 512 224.1 512c-17.67 0-32.1-14.32-32.1-31.99l0-31.99l-158.9-.0099c-28.5 0-43.69-34.49-24.69-56.4l68.98-79.59H62.22c-25.41 0-39.15-29.8-22.67-49.13l60.41-70.85H89.21c-21.28 0-32.87-22.5-19.28-37.31l134.8-146.5c10.4-11.3 28.22-11.3 38.62-.0033l134.9 146.5c13.62 14.81 2.001 37.31-19.28 37.31h-10.77l60.35 70.86c16.46 19.34 2.716 49.12-22.68 49.12h-15.2l68.98 79.59C458.7 413.7 443.1 447.1 413.8 447.1z\"><\/path><\/svg><\/span><span class=\"uagb-icon-list__label\">Protecci\u00f3n de zonas forestales mediante pagos por arrendamiento, pagos por conservaci\u00f3n basados en el rendimiento y compra de tierras.<\/span><\/div>\n\n\n\n<div class=\"wp-block-uagb-icon-list-child uagb-block-36aaa4bd\"><span class=\"uagb-icon-list__source-wrap\"><svg xmlns=\"https:\/\/www.w3.org\/2000\/svg\" viewbox=\"0 0 448 512\"><path d=\"M413.8 447.1L256 448l0 31.99C256 497.7 241.8 512 224.1 512c-17.67 0-32.1-14.32-32.1-31.99l0-31.99l-158.9-.0099c-28.5 0-43.69-34.49-24.69-56.4l68.98-79.59H62.22c-25.41 0-39.15-29.8-22.67-49.13l60.41-70.85H89.21c-21.28 0-32.87-22.5-19.28-37.31l134.8-146.5c10.4-11.3 28.22-11.3 38.62-.0033l134.9 146.5c13.62 14.81 2.001 37.31-19.28 37.31h-10.77l60.35 70.86c16.46 19.34 2.716 49.12-22.68 49.12h-15.2l68.98 79.59C458.7 413.7 443.1 447.1 413.8 447.1z\"><\/path><\/svg><\/span><span class=\"uagb-icon-list__label\">Introducir medidas alternativas de uso de la tierra en la ganader\u00eda mediante la transici\u00f3n a la cr\u00eda de b\u00fafalos en estrecha colaboraci\u00f3n con los agricultores locales.<\/span><\/div>\n\n\n\n<div class=\"wp-block-uagb-icon-list-child uagb-block-fed0c7cb\"><span class=\"uagb-icon-list__source-wrap\"><svg xmlns=\"https:\/\/www.w3.org\/2000\/svg\" viewbox=\"0 0 448 512\"><path d=\"M413.8 447.1L256 448l0 31.99C256 497.7 241.8 512 224.1 512c-17.67 0-32.1-14.32-32.1-31.99l0-31.99l-158.9-.0099c-28.5 0-43.69-34.49-24.69-56.4l68.98-79.59H62.22c-25.41 0-39.15-29.8-22.67-49.13l60.41-70.85H89.21c-21.28 0-32.87-22.5-19.28-37.31l134.8-146.5c10.4-11.3 28.22-11.3 38.62-.0033l134.9 146.5c13.62 14.81 2.001 37.31-19.28 37.31h-10.77l60.35 70.86c16.46 19.34 2.716 49.12-22.68 49.12h-15.2l68.98 79.59C458.7 413.7 443.1 447.1 413.8 447.1z\"><\/path><\/svg><\/span><span class=\"uagb-icon-list__label\">Colaborar estrechamente con las comunidades ind\u00edgenas.<\/span><\/div>\n\n\n\n<div class=\"wp-block-uagb-icon-list-child uagb-block-9c5a09bb\"><span class=\"uagb-icon-list__source-wrap\"><svg xmlns=\"https:\/\/www.w3.org\/2000\/svg\" viewbox=\"0 0 448 512\"><path d=\"M413.8 447.1L256 448l0 31.99C256 497.7 241.8 512 224.1 512c-17.67 0-32.1-14.32-32.1-31.99l0-31.99l-158.9-.0099c-28.5 0-43.69-34.49-24.69-56.4l68.98-79.59H62.22c-25.41 0-39.15-29.8-22.67-49.13l60.41-70.85H89.21c-21.28 0-32.87-22.5-19.28-37.31l134.8-146.5c10.4-11.3 28.22-11.3 38.62-.0033l134.9 146.5c13.62 14.81 2.001 37.31-19.28 37.31h-10.77l60.35 70.86c16.46 19.34 2.716 49.12-22.68 49.12h-15.2l68.98 79.59C458.7 413.7 443.1 447.1 413.8 447.1z\"><\/path><\/svg><\/span><span class=\"uagb-icon-list__label\">Establecimiento de sistemas de rotaci\u00f3n de cultivos y agroforestales.<\/span><\/div>\n<\/div><\/div>\n<\/div>\n<\/div>\n<\/div>\n\n\n\n<div class=\"wp-block-uagb-container uagb-block-niijct59 alignfull uagb-is-root-container\"><div class=\"uagb-container-inner-blocks-wrap\">\n<div class=\"wp-block-uagb-container uagb-block-dw0cnkpj\">\n<div class=\"wp-block-uagb-container uagb-block-tnwks6vs\">\n<div class=\"wp-block-uagb-container uagb-block-51682190\">\n<div class=\"wp-block-uagb-container uagb-block-2df2b00a\">\n<div class=\"wp-block-uagb-info-box uagb-block-e7ae60c8 uagb-infobox__content-wrap  uagb-infobox-icon-above-title uagb-infobox-image-valign-top\"><div class=\"uagb-ifb-content\"><div class=\"uagb-ifb-icon-wrap\"><svg xmlns=\"https:\/\/www.w3.org\/2000\/svg\" viewbox=\"0 0 576 512\"><path d=\"M208 48C208 74.51 186.5 96 160 96C133.5 96 112 74.51 112 48C112 21.49 133.5 0 160 0C186.5 0 208 21.49 208 48zM152 352V480C152 497.7 137.7 512 120 512C102.3 512 88 497.7 88 480V256.9L59.43 304.5C50.33 319.6 30.67 324.5 15.52 315.4C.3696 306.3-4.531 286.7 4.573 271.5L62.85 174.6C80.2 145.7 111.4 128 145.1 128H174.9C208.6 128 239.8 145.7 257.2 174.6L302.1 249.3C285.1 266.9 273.4 287.7 265.5 310.8C263.6 308.9 261.1 306.8 260.6 304.5L232 256.9V480C232 497.7 217.7 512 200 512C182.3 512 168 497.7 168 480V352L152 352zM576 368C576 447.5 511.5 512 432 512C352.5 512 288 447.5 288 368C288 288.5 352.5 224 432 224C511.5 224 576 288.5 576 368zM476.7 324.7L416 385.4L387.3 356.7C381.1 350.4 370.9 350.4 364.7 356.7C358.4 362.9 358.4 373.1 364.7 379.3L404.7 419.3C410.9 425.6 421.1 425.6 427.3 419.3L499.3 347.3C505.6 341.1 505.6 330.9 499.3 324.7C493.1 318.4 482.9 318.4 476.7 324.7H476.7z\"><\/path><\/svg><\/div><div class=\"uagb-ifb-title-wrap\"><h3 class=\"uagb-ifb-title\">Privado<\/h3><\/div><p class=\"uagb-ifb-desc\">Donaci\u00f3n de Personas Naturales<\/p><\/div><\/div>\n<\/div>\n\n\n<div class='root-data-givewp-embed' data-form-locale='es_CO' data-form-url='https:\/\/lasmercedes.org\/?post_type=give_forms&amp;p=2603' data-form-view-url='https:\/\/lasmercedes.org\/es\/?givewp-route=donation-form-view&amp;form-id=2603' data-src='https:\/\/lasmercedes.org\/es\/?givewp-route=donation-form-view&amp;form-id=2603' data-givewp-embed-id='give-form-shortcode-1' data-form-format='onpage' data-open-form-button='Donate now' style='--givewp-primary-color: #454f5e; --givewp-secondary-color: #e1cc96;'><\/div><\/div>\n<\/div>\n\n\n\n<div class=\"wp-block-uagb-container uagb-block-rtjumuta\">\n<div class=\"wp-block-uagb-container uagb-block-dbf0246e\">\n<div class=\"wp-block-uagb-info-box uagb-block-b0c72832 uagb-infobox__content-wrap  uagb-infobox-icon-above-title uagb-infobox-image-valign-top\"><div class=\"uagb-ifb-content\"><div class=\"uagb-ifb-icon-wrap\"><svg xmlns=\"https:\/\/www.w3.org\/2000\/svg\" viewbox=\"0 0 640 512\"><path d=\"M184 88C184 118.9 158.9 144 128 144C97.07 144 72 118.9 72 88C72 57.07 97.07 32 128 32C158.9 32 184 57.07 184 88zM208.4 196.3C178.7 222.7 160 261.2 160 304C160 338.3 171.1 369.8 192 394.5V416C192 433.7 177.7 448 160 448H96C78.33 448 64 433.7 64 416V389.2C26.16 371.2 0 332.7 0 288C0 226.1 50.14 176 112 176H144C167.1 176 190.2 183.5 208.4 196.3V196.3zM64 245.7C54.04 256.9 48 271.8 48 288C48 304.2 54.04 319.1 64 330.3V245.7zM448 416V394.5C468 369.8 480 338.3 480 304C480 261.2 461.3 222.7 431.6 196.3C449.8 183.5 472 176 496 176H528C589.9 176 640 226.1 640 288C640 332.7 613.8 371.2 576 389.2V416C576 433.7 561.7 448 544 448H480C462.3 448 448 433.7 448 416zM576 330.3C585.1 319.1 592 304.2 592 288C592 271.8 585.1 256.9 576 245.7V330.3zM568 88C568 118.9 542.9 144 512 144C481.1 144 456 118.9 456 88C456 57.07 481.1 32 512 32C542.9 32 568 57.07 568 88zM256 96C256 60.65 284.7 32 320 32C355.3 32 384 60.65 384 96C384 131.3 355.3 160 320 160C284.7 160 256 131.3 256 96zM448 304C448 348.7 421.8 387.2 384 405.2V448C384 465.7 369.7 480 352 480H288C270.3 480 256 465.7 256 448V405.2C218.2 387.2 192 348.7 192 304C192 242.1 242.1 192 304 192H336C397.9 192 448 242.1 448 304zM256 346.3V261.7C246 272.9 240 287.8 240 304C240 320.2 246 335.1 256 346.3zM384 261.7V346.3C393.1 335 400 320.2 400 304C400 287.8 393.1 272.9 384 261.7z\"><\/path><\/svg><\/div><div class=\"uagb-ifb-title-wrap\"><h3 class=\"uagb-ifb-title\">Empresa<\/h3><\/div><p class=\"uagb-ifb-desc\">Donaci\u00f3n de Organizaciones<\/p><\/div><\/div>\n<\/div>\n\n\n<div class='root-data-givewp-embed' data-form-locale='es_CO' data-form-url='https:\/\/lasmercedes.org\/?post_type=give_forms&amp;p=2604' data-form-view-url='https:\/\/lasmercedes.org\/es\/?givewp-route=donation-form-view&amp;form-id=2604' data-src='https:\/\/lasmercedes.org\/es\/?givewp-route=donation-form-view&amp;form-id=2604' data-givewp-embed-id='give-form-shortcode-2' data-form-format='onpage' data-open-form-button='Donate now' style='--givewp-primary-color: #5F7385; --givewp-secondary-color: #454f5e;'><\/div><\/div>\n\n\n\n<div class=\"wp-block-uagb-container uagb-block-4gsd7kdb\">\n<div class=\"wp-block-uagb-container uagb-block-ad3e09e2 alignfull uagb-is-root-container\"><div class=\"uagb-container-inner-blocks-wrap\">\n<div class=\"wp-block-uagb-info-box uagb-block-71e16622 uagb-infobox__content-wrap  uagb-infobox-icon-above-title uagb-infobox-image-valign-top\"><div class=\"uagb-ifb-content\"><div class=\"uagb-ifb-icon-wrap\"><svg xmlns=\"https:\/\/www.w3.org\/2000\/svg\" viewbox=\"0 0 576 512\"><path d=\"M320 224H416c17.67 0 32-14.33 32-32s-14.33-32-32-32h-95.1c-17.67 0-32 14.33-32 32S302.3 224 320 224zM320 352H480c17.67 0 32-14.33 32-32s-14.33-32-32-32h-159.1c-17.67 0-32 14.33-32 32S302.3 352 320 352zM320 96h32c17.67 0 31.1-14.33 31.1-32s-14.33-32-31.1-32h-32c-17.67 0-32 14.33-32 32S302.3 96 320 96zM544 416h-223.1c-17.67 0-32 14.33-32 32s14.33 32 32 32H544c17.67 0 32-14.33 32-32S561.7 416 544 416zM192.4 330.7L160 366.1V64.03C160 46.33 145.7 32 128 32S96 46.33 96 64.03v302L63.6 330.7c-6.312-6.883-14.94-10.38-23.61-10.38c-7.719 0-15.47 2.781-21.61 8.414c-13.03 11.95-13.9 32.22-1.969 45.27l87.1 96.09c12.12 13.26 35.06 13.26 47.19 0l87.1-96.09c11.94-13.05 11.06-33.31-1.969-45.27C224.6 316.8 204.4 317.7 192.4 330.7z\"><\/path><\/svg><\/div><div class=\"uagb-ifb-title-wrap\"><h3 class=\"uagb-ifb-title\">CO<sub>2<\/sub> <br>Compensaciones<\/h3><\/div><p class=\"uagb-ifb-desc\">Tons CO2<\/p><\/div><\/div>\n<\/div><\/div>\n\n\n\n<div class=\"wp-block-uagb-container uagb-block-36914e3f alignfull uagb-is-root-container\"><div class=\"uagb-container-inner-blocks-wrap\"><div class=\"wpforms-container wpforms-block wpforms-block-5cda160c-c426-4eef-b542-62d19e547061\" id=\"wpforms-1136\"><form id=\"wpforms-form-1136\" class=\"wpforms-validate wpforms-form wpforms-ajax-form\" data-formid=\"1136\" method=\"post\" enctype=\"multipart\/form-data\" action=\"\/es\/wp-json\/wp\/v2\/pages\/34\" data-token=\"9fabc555c63ac5997eab17b6fdd5515c\" data-token-time=\"1777386306\" data-trp-original-action=\"\/es\/wp-json\/wp\/v2\/pages\/34\"><noscript class=\"wpforms-error-noscript\">Por favor, activa JavaScript en tu navegador para completar este formulario.<\/noscript><div class=\"wpforms-field-container\"><div id=\"wpforms-1136-field_0-container\" class=\"wpforms-field wpforms-field-name\" data-field-id=\"0\"><label class=\"wpforms-field-label wpforms-label-hide\">Your Name <span class=\"wpforms-required-label\">*<\/span><\/label><div class=\"wpforms-field-row wpforms-field-large\"><div class=\"wpforms-field-row-block wpforms-first wpforms-one-half\"><input type=\"text\" id=\"wpforms-1136-field_0\" class=\"wpforms-field-name-first wpforms-field-required\" name=\"wpforms[fields][0][first]\" required><label for=\"wpforms-1136-field_0\" class=\"wpforms-field-sublabel after\">Nombre<\/label><\/div><div class=\"wpforms-field-row-block wpforms-one-half\"><input type=\"text\" id=\"wpforms-1136-field_0-last\" class=\"wpforms-field-name-last wpforms-field-required\" name=\"wpforms[fields][0][last]\" required><label for=\"wpforms-1136-field_0-last\" class=\"wpforms-field-sublabel after\">Apellidos<\/label><\/div><\/div><\/div><div id=\"wpforms-1136-field_1-container\" class=\"wpforms-field wpforms-field-email\" data-field-id=\"1\"><label class=\"wpforms-field-label wpforms-label-hide\" for=\"wpforms-1136-field_1\">Email Address <span class=\"wpforms-required-label\">*<\/span><\/label><input type=\"email\" id=\"wpforms-1136-field_1\" class=\"wpforms-field-large wpforms-field-required\" name=\"wpforms[fields][1]\" placeholder=\"Your Email\" spellcheck=\"false\" required><\/div><div id=\"wpforms-1136-field_3-container\" class=\"wpforms-field wpforms-field-number\" data-field-id=\"3\"><label class=\"wpforms-field-label\" for=\"wpforms-1136-field_3\">Cuanta cantidad de compensaci\u00f3n de CO2<\/label><input type=\"number\" id=\"wpforms-1136-field_3\" class=\"wpforms-field-medium\" name=\"wpforms[fields][3]\" placeholder=\"Ton CO2\" step=\"any\" ><\/div><div id=\"wpforms-1136-field_5-container\" class=\"wpforms-field wpforms-field-textarea\" data-field-id=\"5\"><label class=\"wpforms-field-label\" for=\"wpforms-1136-field_5\">Mensaje<\/label><textarea id=\"wpforms-1136-field_5\" class=\"wpforms-field-medium\" name=\"wpforms[fields][5]\" ><\/textarea><\/div><\/div><!-- .wpforms-field-container --><div class=\"wpforms-submit-container\" ><input type=\"hidden\" name=\"wpforms[id]\" value=\"1136\"><input type=\"hidden\" name=\"page_title\" value=\"\"><input type=\"hidden\" name=\"page_url\" value=\"https:\/\/lasmercedes.org\/es\/wp-json\/wp\/v2\/pages\/34\"><input type=\"hidden\" name=\"url_referer\" value=\"\"><button type=\"submit\" name=\"wpforms[submit]\" id=\"wpforms-submit-1136\" class=\"wpforms-submit\" data-alt-text=\"Sending...\" data-submit-text=\"Send Message\" aria-live=\"assertive\" value=\"wpforms-submit\">Enviar Mensaje<\/button><img decoding=\"async\" src=\"https:\/\/lasmercedes.org\/wp-content\/plugins\/wpforms-lite\/assets\/images\/submit-spin.svg\" class=\"wpforms-submit-spinner\" style=\"display: none;\" width=\"26\" height=\"26\" alt=\"Cargando\"><\/div><input type=\"hidden\" name=\"trp-form-language\" value=\"es\"\/><\/form><\/div>  <!-- .wpforms-container --><\/div><\/div>\n<\/div>\n<\/div>\n<\/div><\/div>\n\n\n\n\n\n<p><\/p>","protected":false},"excerpt":{"rendered":"<p>Donate and support the protection of tropical forest EmPowering conservations efforts Help Us Protect Colombia&#8217;s Unique Forests! Join us in [&hellip;]<\/p>","protected":false},"author":1,"featured_media":0,"parent":0,"menu_order":0,"comment_status":"closed","ping_status":"closed","template":"elementor_theme","meta":{"give_campaign_id":0,"_surecart_dashboard_logo_width":"180px","_surecart_dashboard_show_logo":true,"_surecart_dashboard_navigation_orders":true,"_surecart_dashboard_navigation_invoices":true,"_surecart_dashboard_navigation_subscriptions":true,"_surecart_dashboard_navigation_downloads":true,"_surecart_dashboard_navigation_billing":true,"_surecart_dashboard_navigation_account":true,"_uag_custom_page_level_css":"","_monsterinsights_skip_tracking":false,"_monsterinsights_sitenote_active":false,"_monsterinsights_sitenote_note":"","_monsterinsights_sitenote_category":0,"site-sidebar-layout":"default","site-content-layout":"","ast-site-content-layout":"default","site-content-style":"default","site-sidebar-style":"default","ast-global-header-display":"","ast-banner-title-visibility":"","ast-main-header-display":"","ast-hfb-above-header-display":"","ast-hfb-below-header-display":"","ast-hfb-mobile-header-display":"","site-post-title":"disabled","ast-breadcrumbs-content":"","ast-featured-img":"","footer-sml-layout":"","ast-disable-related-posts":"","theme-transparent-header-meta":"enabled","adv-header-id-meta":"","stick-header-meta":"","header-above-stick-meta":"","header-main-stick-meta":"","header-below-stick-meta":"","astra-migrate-meta-layouts":"default","ast-page-background-enabled":"default","ast-page-background-meta":{"desktop":{"background-color":"var(--ast-global-color-4)","background-image":"","background-repeat":"repeat","background-position":"center center","background-size":"auto","background-attachment":"scroll","background-type":"","background-media":"","overlay-type":"","overlay-color":"","overlay-opacity":"","overlay-gradient":""},"tablet":{"background-color":"","background-image":"","background-repeat":"repeat","background-position":"center center","background-size":"auto","background-attachment":"scroll","background-type":"","background-media":"","overlay-type":"","overlay-color":"","overlay-opacity":"","overlay-gradient":""},"mobile":{"background-color":"","background-image":"","background-repeat":"repeat","background-position":"center center","background-size":"auto","background-attachment":"scroll","background-type":"","background-media":"","overlay-type":"","overlay-color":"","overlay-opacity":"","overlay-gradient":""}},"ast-content-background-meta":{"desktop":{"background-color":"var(--ast-global-color-5)","background-image":"","background-repeat":"repeat","background-position":"center center","background-size":"auto","background-attachment":"scroll","background-type":"","background-media":"","overlay-type":"","overlay-color":"","overlay-opacity":"","overlay-gradient":""},"tablet":{"background-color":"var(--ast-global-color-5)","background-image":"","background-repeat":"repeat","background-position":"center center","background-size":"auto","background-attachment":"scroll","background-type":"","background-media":"","overlay-type":"","overlay-color":"","overlay-opacity":"","overlay-gradient":""},"mobile":{"background-color":"var(--ast-global-color-5)","background-image":"","background-repeat":"repeat","background-position":"center center","background-size":"auto","background-attachment":"scroll","background-type":"","background-media":"","overlay-type":"","overlay-color":"","overlay-opacity":"","overlay-gradient":""}},"footnotes":""},"class_list":["post-34","page","type-page","status-publish","hentry"],"aioseo_notices":[],"campaignId":"","uagb_featured_image_src":{"full":false,"thumbnail":false,"medium":false,"medium_large":false,"large":false,"1536x1536":false,"2048x2048":false,"trp-custom-language-flag":false},"uagb_author_info":{"display_name":"lukasstrigl@msn.com","author_link":"https:\/\/lasmercedes.org\/es\/author\/lukasstriglmsn-com\/"},"uagb_comment_info":0,"uagb_excerpt":"Donate and support the protection of tropical forest EmPowering conservations efforts Help Us Protect Colombia&#8217;s Unique Forests! Join us in [&hellip;]","_links":{"self":[{"href":"https:\/\/lasmercedes.org\/es\/wp-json\/wp\/v2\/pages\/34","targetHints":{"allow":["GET"]}}],"collection":[{"href":"https:\/\/lasmercedes.org\/es\/wp-json\/wp\/v2\/pages"}],"about":[{"href":"https:\/\/lasmercedes.org\/es\/wp-json\/wp\/v2\/types\/page"}],"author":[{"embeddable":true,"href":"https:\/\/lasmercedes.org\/es\/wp-json\/wp\/v2\/users\/1"}],"replies":[{"embeddable":true,"href":"https:\/\/lasmercedes.org\/es\/wp-json\/wp\/v2\/comments?post=34"}],"version-history":[{"count":84,"href":"https:\/\/lasmercedes.org\/es\/wp-json\/wp\/v2\/pages\/34\/revisions"}],"predecessor-version":[{"id":3510,"href":"https:\/\/lasmercedes.org\/es\/wp-json\/wp\/v2\/pages\/34\/revisions\/3510"}],"wp:attachment":[{"href":"https:\/\/lasmercedes.org\/es\/wp-json\/wp\/v2\/media?parent=34"}],"curies":[{"name":"wp","href":"https:\/\/api.w.org\/{rel}","templated":true}]}}