{"id":2384,"date":"2024-09-26T17:38:50","date_gmt":"2024-09-26T17:38:50","guid":{"rendered":"https:\/\/lasmercedes.org\/?page_id=2384"},"modified":"2025-03-03T16:03:38","modified_gmt":"2025-03-03T16:03:38","slug":"art-2","status":"publish","type":"page","link":"https:\/\/lasmercedes.org\/es\/","title":{"rendered":"Proyectos de arte"},"content":{"rendered":"<div class=\"wp-block-uagb-container uagb-block-b2514717 alignfull uagb-is-root-container\"><div class=\"uagb-container-inner-blocks-wrap\">\n<div class=\"wp-block-uagb-container uagb-block-102c9e7d\">\n<div class=\"wp-block-uagb-container container uagb-block-5cff809d\">\n<div class=\"wp-block-uagb-container pic pic1 uagb-block-ded4e11e\"><\/div>\n\n\n\n<div class=\"wp-block-uagb-container pic pic2 uagb-block-22bc8f76\"><\/div>\n\n\n\n<div class=\"wp-block-uagb-container pic pic3 uagb-block-09795c81\"><\/div>\n<\/div>\n\n\n\n<div class=\"wp-block-uagb-container uagb-block-3934be56\">\n<div class=\"wp-block-uagb-advanced-heading uagb-block-69d49120\"><h6 class=\"uagb-heading-text\">promoviendo esfuerzos de conservaci\u00f3n<\/h6><\/div>\n\n\n\n<div class=\"wp-block-uagb-advanced-heading uagb-block-b467a773\"><h2 class=\"uagb-heading-text\">Las Mercedes<\/h2><p class=\"uagb-desc-text\">Reserva Natural de las Aguas<\/p><\/div>\n<\/div>\n<\/div>\n<\/div><\/div>\n\n\n\n<div class=\"wp-block-uagb-container uagb-layout-flex uagb-block-k0zzoixl alignfull uagb-is-root-container\"><div class=\"uagb-container-inner-blocks-wrap\">\n<div class=\"wp-block-uagb-container uagb-block-5e22304e alignfull uagb-is-root-container\"><div class=\"uagb-container-inner-blocks-wrap\">\n<div class=\"wp-block-uagb-advanced-heading uagb-block-235ec15b\"><h6 class=\"uagb-heading-text\">\"LA PAZ COMPROMETIDA ES UN BUEN CLIMA\"<\/h6><\/div>\n\n\n\n<div class=\"wp-block-uagb-advanced-heading uagb-block-319d22ea\"><h2 class=\"uagb-heading-text\">Manifiesto para la Ecolog\u00eda Interior y Exterior<\/h2><\/div>\n\n\n\n<p class=\"has-text-align-center has-ast-global-color-2-color has-text-color has-link-color wp-elements-211cf6e84b54b5082db0469a6021fae3\" style=\"font-size:16px;letter-spacing:0.1px;line-height:1.5\">Este manifiesto viviente redefine nuestra relaci\u00f3n con la naturaleza y con nosotros mismos. Reclama una ecolog\u00eda interna y externa, haciendo \u00e9nfasis en una relaci\u00f3n equilibrada entre la humanidad y la naturaleza. Un proyecto de ArtEmbassy.<\/p>\n\n\n\n<div class=\"wp-block-uagb-separator uagb-block-507c5995 wp-block-uagb-separator--icon\"><div class=\"uagb-separator-spacing-wrapper\"><div class=\"wp-block-uagb-separator__inner\" style=\"--my-background-image:url(&quot;data:image\/svg+xml,%3Csvg width='16' height='16' viewBox='0 0 16 16' fill='none' xmlns='http:\/\/www.w3.org\/2000\/svg'%3E%3Cpath d='M6.29312 16.9999L17 6.29302M14.2931 16.9999L17 14.293M-0.707031 15.9999L16.0002 -0.707153M8.00017 -0.707153L-0.706882 7.9999' stroke='black'\/%3E%3C\/svg%3E&quot;)\"><div class=\"wp-block-uagb-separator-element\"><svg xmlns=\"https:\/\/www.w3.org\/2000\/svg\" viewbox=\"0 0 448 512\"><path d=\"M413.8 447.1L256 448l0 31.99C256 497.7 241.8 512 224.1 512c-17.67 0-32.1-14.32-32.1-31.99l0-31.99l-158.9-.0099c-28.5 0-43.69-34.49-24.69-56.4l68.98-79.59H62.22c-25.41 0-39.15-29.8-22.67-49.13l60.41-70.85H89.21c-21.28 0-32.87-22.5-19.28-37.31l134.8-146.5c10.4-11.3 28.22-11.3 38.62-.0033l134.9 146.5c13.62 14.81 2.001 37.31-19.28 37.31h-10.77l60.35 70.86c16.46 19.34 2.716 49.12-22.68 49.12h-15.2l68.98 79.59C458.7 413.7 443.1 447.1 413.8 447.1z\"><\/path><\/svg><\/div><\/div><\/div><\/div>\n<\/div><\/div>\n\n\n\n<div class=\"wp-block-uagb-container uagb-block-72a36bb9\">\n<div class=\"wp-block-uagb-image uagb-block-6b0a2ff1 wp-block-uagb-image--layout-default wp-block-uagb-image--effect-static wp-block-uagb-image--align-none\"><figure class=\"wp-block-uagb-image__figure\"><img fetchpriority=\"high\" decoding=\"async\" srcset=\"https:\/\/lasmercedes.org\/wp-content\/uploads\/2024\/11\/okologie-fertigP1122110-Kopie-scaled.jpg 2560w, https:\/\/lasmercedes.org\/wp-content\/uploads\/2024\/11\/okologie-fertigP1122110-Kopie-300x169.jpg 300w, https:\/\/lasmercedes.org\/wp-content\/uploads\/2024\/11\/okologie-fertigP1122110-Kopie-1024x579.jpg 1024w, https:\/\/lasmercedes.org\/wp-content\/uploads\/2024\/11\/okologie-fertigP1122110-Kopie-768x434.jpg 768w, https:\/\/lasmercedes.org\/wp-content\/uploads\/2024\/11\/okologie-fertigP1122110-Kopie-1536x868.jpg 1536w, https:\/\/lasmercedes.org\/wp-content\/uploads\/2024\/11\/okologie-fertigP1122110-Kopie-2048x1157.jpg 2048w\" sizes=\"(max-width: 480px) 150px\" src=\"https:\/\/lasmercedes.org\/wp-content\/uploads\/2024\/11\/okologie-fertigP1122110-Kopie-scaled.jpg\" alt=\"Ecology Mural Sozial\" class=\"uag-image-2807\" width=\"1200\" height=\"1446\" title=\"\u00f6kologie\" role=\"img\"\/><figcaption class=\"uagb-image-caption\">Mural Social\u00a0<strong>Ecolog\u00eda\"<\/strong>\u00a0\/ 2024 \/ Silin paint \/ 12 x 23 meters<\/figcaption><\/figure><\/div>\n<\/div>\n<\/div><\/div>\n\n\n\n<div class=\"wp-block-uagb-container uagb-block-43aa6895 alignfull uagb-is-root-container\"><div class=\"uagb-container-inner-blocks-wrap\">\n<figure class=\"wp-block-embed is-type-video is-provider-vimeo wp-block-embed-vimeo wp-embed-aspect-16-9 wp-has-aspect-ratio\"><div class=\"wp-block-embed__wrapper\">\n<iframe title=\"Las Mercedes Reserva Natural de Las Aguas ENG\" src=\"https:\/\/player.vimeo.com\/video\/811806341?dnt=1&amp;app_id=122963\" width=\"500\" height=\"281\" frameborder=\"0\" allow=\"autoplay; fullscreen; picture-in-picture; clipboard-write; encrypted-media\"><\/iframe>\n<\/div><\/figure>\n\n\n\n<p class=\"has-text-align-right\"><strong>Las Mercedes<\/strong>&nbsp;Project video \/ 2023 \/ 6\u201920\u2019&#8217;<\/p>\n<\/div><\/div>\n\n\n\n<div class=\"wp-block-uagb-container uagb-block-4byhbgqf alignfull uagb-is-root-container\">\n<div class=\"wp-block-uagb-container uagb-block-616qoj1g\">\n<div class=\"wp-block-uagb-container uagb-block-rh5kcmzr\">\n<figure class=\"wp-block-embed is-type-video is-provider-vimeo wp-block-embed-vimeo wp-embed-aspect-16-9 wp-has-aspect-ratio\"><div class=\"wp-block-embed__wrapper\">\n<iframe title=\"Mural Sozial O\u0308kologie. Visionale \/ Tangente St. P\u00f6lten\" src=\"https:\/\/player.vimeo.com\/video\/1004691820?dnt=1&amp;app_id=122963\" width=\"500\" height=\"281\" frameborder=\"0\" allow=\"autoplay; fullscreen; picture-in-picture; clipboard-write; encrypted-media\"><\/iframe>\n<\/div><\/figure>\n<\/div>\n\n\n\n<div class=\"wp-block-uagb-container uagb-block-rtyivik8\">\n<div class=\"wp-block-uagb-container uagb-block-59708d87\">\n<div class=\"wp-block-uagb-advanced-heading uagb-block-ab3519bf\"><div class=\"uagb-heading-text\">01<\/div><\/div>\n\n\n\n<div class=\"wp-block-uagb-advanced-heading uagb-block-564818c4\"><p class=\"uagb-desc-text\"><mark class=\"uagb-highlight\">EL MANIFIESTO VIVO:<\/mark><\/p><h3 class=\"uagb-heading-text\"><strong>Mural Social \/ Ecolog\u00eda<\/strong><\/h3><div class=\"uagb-separator\"><\/div><\/div>\n\n\n\n<p style=\"margin-top:0;margin-bottom:0\">En 2024, en el marco del Festival Tangente de St. P\u00f6lten (Austria), se cre\u00f3 el \"Mural Social&nbsp;<strong>Ecolog\u00eda\"<\/strong>Esta obra de arte de 250 m\u00b2, que sirve de llamamiento visual al cambio social, se pint\u00f3 con colores ecol\u00f3gicos durante un taller de tres semanas dirigido por Emmerich Weissenberger, guiado por valores compartidos y en el que participaron j\u00f3venes de la regi\u00f3n. Su mensaje destaca la interconexi\u00f3n de la paz interior y exterior, as\u00ed como de la ecolog\u00eda interior y exterior, del mismo modo que los Objetivos de Desarrollo Sostenible (ODS) de la ONU para la sociedad requieren la aplicaci\u00f3n de los Objetivos de Desarrollo Interior (ODI) en cada uno de nosotros:<strong>\u00ab\u00a1La paz comprometida es buen clima!\u00bb.<\/strong><\/p>\n\n\n\n<ul class=\"wp-block-list\">\n<li><strong>Dignitas (Dignidad):<\/strong>&nbsp;Reconocer y respetar el valor de cada individuo y de toda forma de vida.<\/li>\n\n\n\n<li><strong>Trabajo Interior:<\/strong>&nbsp;Enfatizando en el desarrollo personal como catalizador de un progreso social significativo.<\/li>\n\n\n\n<li><strong>Circularit\u00e9 (Econom\u00eda Circular):<\/strong>&nbsp;Promover sistemas que den prioridad a la sostenibilidad y a los ciclos de los recursos.<\/li>\n\n\n\n<li><strong>Buen Vivir:<\/strong>&nbsp;Promover el bienestar basado en el equilibrio y el cuidado colectivo.<\/li>\n\n\n\n<li><strong>Reparto Justo:<\/strong>&nbsp;Garantizar la equidad de recursos y oportunidades.<\/li>\n<\/ul>\n<\/div>\n<\/div>\n<\/div>\n\n\n\n<div class=\"wp-block-uagb-container uagb-block-c352960c\">\n<div class=\"wp-block-uagb-container uagb-block-ob6mbqqm default uagb-is-root-container\">\n<div class=\"wp-block-uagb-container uagb-block-53d4e270\">\n<div class=\"wp-block-uagb-advanced-heading uagb-block-69eb5852\"><div class=\"uagb-heading-text\">02<\/div><\/div>\n\n\n\n<div class=\"wp-block-uagb-advanced-heading uagb-block-776538c4\"><p class=\"uagb-desc-text\"><mark class=\"uagb-highlight\">LA OBRA VIVA:<\/mark><\/p><h3 class=\"uagb-heading-text translation-block\">Las Mercedes Reserva Natural<\/h3><div class=\"uagb-separator\"><\/div><\/div>\n\n\n\n<p>Las Mercedes Reserva Natural de las Aguas es una iniciativa internacional de arte y protecci\u00f3n del clima que une a personas de todo el mundo. Este proyecto modelo fusiona arte, ciencia y esfuerzos sociales para comprar o arrendar terrenos y proteger zonas naturales preciosas. El proyecto encarna el principio de la cultura de la naturaleza: una coexistencia armoniosa entre los seres humanos y la naturaleza.<\/p>\n\n\n\n<p>La reserva no es s\u00f3lo una zona protegida, sino tambi\u00e9n un espacio social, ecol\u00f3gico y art\u00edstico - una \u00abescultura social\u00bb- donde cobra vida el concepto de la buena vida. Aqu\u00ed, la naturaleza y la existencia humana se funden armoniosamente, transformando en realidad un sue\u00f1o vivo.<\/p>\n<\/div>\n<\/div>\n\n\n\n<div class=\"wp-block-uagb-container uagb-block-3d64fa29 default uagb-is-root-container\"><\/div>\n<\/div>\n\n\n\n<div class=\"wp-block-uagb-container uagb-block-c2ee1b56 alignfull uagb-is-root-container\">\n<div class=\"wp-block-uagb-container uagb-block-1kquu0fd\"><\/div>\n\n\n\n<div class=\"wp-block-uagb-container uagb-block-tra3p27b\">\n<div class=\"wp-block-uagb-container uagb-block-19d4ea5c\">\n<div class=\"wp-block-uagb-advanced-heading uagb-block-dc59898f\"><div class=\"uagb-heading-text\">03<\/div><\/div>\n\n\n\n<div class=\"wp-block-uagb-advanced-heading uagb-block-821dc58c\"><p class=\"uagb-desc-text\"><mark class=\"uagb-highlight\">LA UTOP\u00cdA VIVA:<\/mark><strong> <\/strong><\/p><h3 class=\"uagb-heading-text\"><strong>La Cultura de la Naturaleza en Acci\u00f3n<\/strong><\/h3><div class=\"uagb-separator\"><\/div><\/div>\n<\/div>\n\n\n\n<p>La zona n\u00facleo de la Reserva Natural de Las Mercedes est\u00e1 situada en el centro de Colombia, entre Medell\u00edn y Bogot\u00e1, dentro del valle del Magdalena Medio. Rodeado de majestuosas mesetas, este valle es una verdadera fuente de vida, alimentada por innumerables manantiales que infunden vitalidad a la tierra. Situado a una altitud de entre 300 y 700 metros sobre el nivel del mar, Las Mercedes es un vestigio vital del ecosistema de bosque seco tropical de Colombia, casi desaparecido, que conserva una rica biodiversidad.<\/p>\n\n\n\n<p>La Fundaci\u00f3n Las Mercedes re\u00fane a comunidades ind\u00edgenas, peque\u00f1os agricultores, terratenientes, universidades, instituciones, empresas, cient\u00edficos y artistas. Su estrategia protege los bosques de fincas seleccionadas en el centro de Colombia y a lo largo de la costa norte del Caribe (aproximadamente 18.000 hect\u00e1reas para 2023). Esta iniciativa reduce la deforestaci\u00f3n, aumenta el almacenamiento de carbono y proporciona beneficios como ingresos locales, conservaci\u00f3n de la biodiversidad y preservaci\u00f3n del agua.<\/p>\n<\/div>\n<\/div>\n\n\n\n<div class=\"wp-block-uagb-container uagb-block-15366059 alignfull uagb-is-root-container\">\n<div class=\"wp-block-uagb-container uagb-block-b454c9d5 default uagb-is-root-container\">\n<div class=\"wp-block-uagb-advanced-heading uagb-block-6a076828\"><div class=\"uagb-heading-text\">04<\/div><\/div>\n\n\n\n<div class=\"wp-block-uagb-advanced-heading uagb-block-24032adf\"><h3 class=\"uagb-heading-text\"><strong>La Cultura de la Naturaleza como Esfuerzo Colectivo<\/strong><\/h3><div class=\"uagb-separator\"><\/div><\/div>\n\n\n\n<p>Las Mercedes es el resultado de la dedicaci\u00f3n de artistas, cient\u00edficos, empresarios sociales, agricultores, becarios y simpatizantes del viejo y del nuevo mundo. Gracias a sus contribuciones y donaciones, impulsadas por un amor compartido por el medio ambiente y la comunidad, se ha creado esta importante zona protegida que se mantiene de forma sostenible. Juntos, amasan la escultura social, dando forma activa a una relaci\u00f3n armoniosa entre naturaleza, cultura y sociedad, demostrando el poder del esfuerzo colectivo para preservar tanto el mundo natural como las pr\u00e1cticas culturales.<\/p>\n<\/div>\n\n\n\n<div class=\"wp-block-uagb-container uagb-block-xwa7dbzz\"><\/div>\n<\/div>\n<\/div>\n\n\n\n<p><\/p>","protected":false},"excerpt":{"rendered":"<p>Empowering Conservation Efforts Las Mercedes Reserva Natural de las Aguas &#8220;Engaged peace is good climate&#8221; A Manifesto for Inner and [&hellip;]<\/p>","protected":false},"author":1,"featured_media":0,"parent":0,"menu_order":0,"comment_status":"closed","ping_status":"closed","template":"","meta":{"give_campaign_id":0,"_surecart_dashboard_logo_width":"180px","_surecart_dashboard_show_logo":true,"_surecart_dashboard_navigation_orders":true,"_surecart_dashboard_navigation_invoices":true,"_surecart_dashboard_navigation_subscriptions":true,"_surecart_dashboard_navigation_downloads":true,"_surecart_dashboard_navigation_billing":true,"_surecart_dashboard_navigation_account":true,"_uag_custom_page_level_css":"","_monsterinsights_skip_tracking":false,"_monsterinsights_sitenote_active":false,"_monsterinsights_sitenote_note":"","_monsterinsights_sitenote_category":0,"site-sidebar-layout":"default","site-content-layout":"","ast-site-content-layout":"","site-content-style":"default","site-sidebar-style":"default","ast-global-header-display":"","ast-banner-title-visibility":"","ast-main-header-display":"","ast-hfb-above-header-display":"","ast-hfb-below-header-display":"","ast-hfb-mobile-header-display":"","site-post-title":"disabled","ast-breadcrumbs-content":"","ast-featured-img":"","footer-sml-layout":"","ast-disable-related-posts":"","theme-transparent-header-meta":"","adv-header-id-meta":"","stick-header-meta":"","header-above-stick-meta":"","header-main-stick-meta":"","header-below-stick-meta":"","astra-migrate-meta-layouts":"default","ast-page-background-enabled":"default","ast-page-background-meta":{"desktop":{"background-color":"var(--ast-global-color-4)","background-image":"","background-repeat":"repeat","background-position":"center center","background-size":"auto","background-attachment":"scroll","background-type":"","background-media":"","overlay-type":"","overlay-color":"","overlay-opacity":"","overlay-gradient":""},"tablet":{"background-color":"","background-image":"","background-repeat":"repeat","background-position":"center center","background-size":"auto","background-attachment":"scroll","background-type":"","background-media":"","overlay-type":"","overlay-color":"","overlay-opacity":"","overlay-gradient":""},"mobile":{"background-color":"","background-image":"","background-repeat":"repeat","background-position":"center center","background-size":"auto","background-attachment":"scroll","background-type":"","background-media":"","overlay-type":"","overlay-color":"","overlay-opacity":"","overlay-gradient":""}},"ast-content-background-meta":{"desktop":{"background-color":"var(--ast-global-color-5)","background-image":"","background-repeat":"repeat","background-position":"center center","background-size":"auto","background-attachment":"scroll","background-type":"","background-media":"","overlay-type":"","overlay-color":"","overlay-opacity":"","overlay-gradient":""},"tablet":{"background-color":"var(--ast-global-color-5)","background-image":"","background-repeat":"repeat","background-position":"center center","background-size":"auto","background-attachment":"scroll","background-type":"","background-media":"","overlay-type":"","overlay-color":"","overlay-opacity":"","overlay-gradient":""},"mobile":{"background-color":"var(--ast-global-color-5)","background-image":"","background-repeat":"repeat","background-position":"center center","background-size":"auto","background-attachment":"scroll","background-type":"","background-media":"","overlay-type":"","overlay-color":"","overlay-opacity":"","overlay-gradient":""}},"footnotes":""},"class_list":["post-2384","page","type-page","status-publish","hentry"],"aioseo_notices":[],"campaignId":"","uagb_featured_image_src":{"full":false,"thumbnail":false,"medium":false,"medium_large":false,"large":false,"1536x1536":false,"2048x2048":false,"trp-custom-language-flag":false},"uagb_author_info":{"display_name":"lukasstrigl@msn.com","author_link":"https:\/\/lasmercedes.org\/es\/author\/lukasstriglmsn-com\/"},"uagb_comment_info":0,"uagb_excerpt":"Empowering Conservation Efforts Las Mercedes Reserva Natural de las Aguas &#8220;Engaged peace is good climate&#8221; A Manifesto for Inner and [&hellip;]","_links":{"self":[{"href":"https:\/\/lasmercedes.org\/es\/wp-json\/wp\/v2\/pages\/2384","targetHints":{"allow":["GET"]}}],"collection":[{"href":"https:\/\/lasmercedes.org\/es\/wp-json\/wp\/v2\/pages"}],"about":[{"href":"https:\/\/lasmercedes.org\/es\/wp-json\/wp\/v2\/types\/page"}],"author":[{"embeddable":true,"href":"https:\/\/lasmercedes.org\/es\/wp-json\/wp\/v2\/users\/1"}],"replies":[{"embeddable":true,"href":"https:\/\/lasmercedes.org\/es\/wp-json\/wp\/v2\/comments?post=2384"}],"version-history":[{"count":142,"href":"https:\/\/lasmercedes.org\/es\/wp-json\/wp\/v2\/pages\/2384\/revisions"}],"predecessor-version":[{"id":3490,"href":"https:\/\/lasmercedes.org\/es\/wp-json\/wp\/v2\/pages\/2384\/revisions\/3490"}],"wp:attachment":[{"href":"https:\/\/lasmercedes.org\/es\/wp-json\/wp\/v2\/media?parent=2384"}],"curies":[{"name":"wp","href":"https:\/\/api.w.org\/{rel}","templated":true}]}}